{"id":375,"date":"2014-09-15T14:23:46","date_gmt":"2014-09-15T13:23:46","guid":{"rendered":"https:\/\/www.futurikon.com\/?page_id=375"},"modified":"2022-05-18T12:18:19","modified_gmt":"2022-05-18T10:18:19","slug":"contact","status":"publish","type":"page","link":"https:\/\/www.futurikon.com\/en\/contact\/","title":{"rendered":"Contacts"},"content":{"rendered":"<p><img class=\"center\" style=\"width: 100%;\" src=\"https:\/\/www.futurikon.com\/wp-content\/uploads\/Logo_FTK.png\" alt=\"Logo_FTK\" \/><\/p>\n<p class=\"bold\"><span class=\"LrzXr\">19 Rue Michel-le-Comte<\/span><br \/>\n75003 Paris, France<br \/>\nTel : +33 (0)1 44 61 94 61<br \/>\n<a href=\"mailot:info@futurikon.com\">info@futurikon.com<\/a><\/p>\n<p class=\"bold\">M\u00e9tro<br \/>\n1, 11 &#8211; H\u00f4tel de Ville<br \/>\n11 &#8211; Rambuteau<\/p>\n<p class=\"bold\">4 &#8211; \u00c9tienne Marcel<br \/>\n1, 4, 7, 11, 14 &#8211; RER A, B, D Ch\u00e2telet &#8211; Les Halles<\/p>\n<p>&nbsp;<\/p>\n","protected":false},"excerpt":{"rendered":"<p>19 Rue Michel-le-Comte 75003 Paris, France Tel : +33 (0)1 44 61 94 61 info@futurikon.com M\u00e9tro 1, 11 &#8211; H\u00f4tel de Ville 11 &#8211; Rambuteau 4 &#8211; \u00c9tienne Marcel 1, 4, 7, 11, 14 &#8211; RER A, B, D Ch\u00e2telet &#8211; Les Halles &nbsp;<\/p>\n","protected":false},"author":1,"featured_media":0,"parent":0,"menu_order":32,"comment_status":"closed","ping_status":"closed","template":"templates\/template-contacts.php","meta":[],"_links":{"self":[{"href":"https:\/\/www.futurikon.com\/en\/wp-json\/wp\/v2\/pages\/375"}],"collection":[{"href":"https:\/\/www.futurikon.com\/en\/wp-json\/wp\/v2\/pages"}],"about":[{"href":"https:\/\/www.futurikon.com\/en\/wp-json\/wp\/v2\/types\/page"}],"author":[{"embeddable":true,"href":"https:\/\/www.futurikon.com\/en\/wp-json\/wp\/v2\/users\/1"}],"replies":[{"embeddable":true,"href":"https:\/\/www.futurikon.com\/en\/wp-json\/wp\/v2\/comments?post=375"}],"version-history":[{"count":61,"href":"https:\/\/www.futurikon.com\/en\/wp-json\/wp\/v2\/pages\/375\/revisions"}],"predecessor-version":[{"id":9107,"href":"https:\/\/www.futurikon.com\/en\/wp-json\/wp\/v2\/pages\/375\/revisions\/9107"}],"wp:attachment":[{"href":"https:\/\/www.futurikon.com\/en\/wp-json\/wp\/v2\/media?parent=375"}],"curies":[{"name":"wp","href":"https:\/\/api.w.org\/{rel}","templated":true}]}}